{"id":3169,"date":"2024-12-13T23:16:50","date_gmt":"2024-12-13T20:16:50","guid":{"rendered":"https:\/\/yorkandchapel.com\/tr\/?page_id=3169"},"modified":"2025-01-31T11:52:51","modified_gmt":"2025-01-31T08:52:51","slug":"pazarlama-danismanligi","status":"publish","type":"page","link":"https:\/\/yorkandchapel.com\/tr\/strateji\/pazarlama-danismanligi\/","title":{"rendered":"Pazarlama Dan\u0131\u015fmanl\u0131\u011f\u0131"},"content":{"rendered":"","protected":false},"excerpt":{"rendered":"","protected":false},"author":33,"featured_media":3280,"parent":3170,"menu_order":0,"comment_status":"closed","ping_status":"closed","template":"page-hizmetler.php","meta":[],"acf":[],"_links":{"self":[{"href":"https:\/\/yorkandchapel.com\/tr\/wp-json\/wp\/v2\/pages\/3169"}],"collection":[{"href":"https:\/\/yorkandchapel.com\/tr\/wp-json\/wp\/v2\/pages"}],"about":[{"href":"https:\/\/yorkandchapel.com\/tr\/wp-json\/wp\/v2\/types\/page"}],"author":[{"embeddable":true,"href":"https:\/\/yorkandchapel.com\/tr\/wp-json\/wp\/v2\/users\/33"}],"replies":[{"embeddable":true,"href":"https:\/\/yorkandchapel.com\/tr\/wp-json\/wp\/v2\/comments?post=3169"}],"version-history":[{"count":12,"href":"https:\/\/yorkandchapel.com\/tr\/wp-json\/wp\/v2\/pages\/3169\/revisions"}],"predecessor-version":[{"id":3425,"href":"https:\/\/yorkandchapel.com\/tr\/wp-json\/wp\/v2\/pages\/3169\/revisions\/3425"}],"up":[{"embeddable":true,"href":"https:\/\/yorkandchapel.com\/tr\/wp-json\/wp\/v2\/pages\/3170"}],"wp:featuredmedia":[{"embeddable":true,"href":"https:\/\/yorkandchapel.com\/tr\/wp-json\/wp\/v2\/media\/3280"}],"wp:attachment":[{"href":"https:\/\/yorkandchapel.com\/tr\/wp-json\/wp\/v2\/media?parent=3169"}],"curies":[{"name":"wp","href":"https:\/\/api.w.org\/{rel}","templated":true}]}}