{"id":3170,"date":"2024-12-13T22:58:35","date_gmt":"2024-12-13T19:58:35","guid":{"rendered":"https:\/\/yorkandchapel.com\/tr\/?page_id=3170"},"modified":"2024-12-20T17:59:00","modified_gmt":"2024-12-20T14:59:00","slug":"strateji","status":"publish","type":"page","link":"https:\/\/yorkandchapel.com\/tr\/strateji\/","title":{"rendered":"Strateji"},"content":{"rendered":"<p>York and Chapel olarak, g\u00fc\u00e7l\u00fc bir stratejiyle markan\u0131z\u0131 b\u00fcy\u00fctmek i\u00e7in yan\u0131n\u0131zday\u0131z. <a href=\"https:\/\/yorkandchapel.com\/tr\/strateji\/pazarlama-danismanligi\/\">Pazarlama dan\u0131\u015fmanl\u0131\u011f\u0131ndan<\/a> <a href=\"https:\/\/yorkandchapel.com\/tr\/strateji\/markalasma\/\">markala\u015fmaya<\/a>, <a href=\"https:\/\/yorkandchapel.com\/tr\/strateji\/veri-analitigi\/\">veri zekas\u0131ndan<\/a> <a href=\"https:\/\/yorkandchapel.com\/tr\/strateji\/arastirma\/\">ara\u015ft\u0131rma<\/a> ve <a href=\"https:\/\/yorkandchapel.com\/tr\/strateji\/medya\/\">medya<\/a> \u00e7\u00f6z\u00fcmlerine kadar geni\u015f kapsaml\u0131 stratejik hizmetler sunuyoruz.<\/p>\n<p>Pazarlama dan\u0131\u015fmanl\u0131\u011f\u0131 hizmetlerimizle markan\u0131z\u0131n hedeflerine ula\u015fmas\u0131 i\u00e7in \u00f6zelle\u015ftirilmi\u015f yol haritalar\u0131 olu\u015fturuyor, markala\u015fma \u00e7al\u0131\u015fmalar\u0131m\u0131zla kal\u0131c\u0131 ve etkileyici bir marka kimli\u011fi in\u015fa ediyoruz. Veri zekas\u0131yla karar alma s\u00fcre\u00e7lerinizi desteklerken, ara\u015ft\u0131rmalar\u0131m\u0131zla hedef kitlenizi daha iyi anlaman\u0131z\u0131 sa\u011fl\u0131yoruz. Ayr\u0131ca medya planlama ve y\u00f6netim \u00e7\u00f6z\u00fcmlerimizle markan\u0131z\u0131 do\u011fru platformlarda en etkili \u015fekilde konumland\u0131r\u0131yoruz.<\/p>\n<p>York and Chapel ailesi olarak, markan\u0131z\u0131n stratejik hedeflerine ula\u015fmas\u0131n\u0131 sa\u011flamak ve sizi bir ad\u0131m \u00f6ne ta\u015f\u0131mak i\u00e7in buraday\u0131z. Ba\u015far\u0131n\u0131z i\u00e7in sab\u0131rs\u0131zlan\u0131yoruz!<\/p>\n","protected":false},"excerpt":{"rendered":"<p>York and Chapel olarak, g\u00fc\u00e7l\u00fc bir stratejiyle markan\u0131z\u0131 b\u00fcy\u00fctmek i\u00e7in yan\u0131n\u0131zday\u0131z. Pazarlama dan\u0131\u015fmanl\u0131\u011f\u0131ndan markala\u015fmaya, veri zekas\u0131ndan ara\u015ft\u0131rma ve medya \u00e7\u00f6z\u00fcmlerine kadar geni\u015f kapsaml\u0131 stratejik hizmetler sunuyoruz. Pazarlama dan\u0131\u015fmanl\u0131\u011f\u0131 hizmetlerimizle markan\u0131z\u0131n hedeflerine ula\u015fmas\u0131 i\u00e7in \u00f6zelle\u015ftirilmi\u015f yol haritalar\u0131 olu\u015fturuyor, markala\u015fma \u00e7al\u0131\u015fmalar\u0131m\u0131zla kal\u0131c\u0131 ve etkileyici bir marka kimli\u011fi in\u015fa ediyoruz. Veri zekas\u0131yla karar alma s\u00fcre\u00e7lerinizi desteklerken, ara\u015ft\u0131rmalar\u0131m\u0131zla hedef [&hellip;]<\/p>\n","protected":false},"author":33,"featured_media":3282,"parent":0,"menu_order":0,"comment_status":"closed","ping_status":"closed","template":"","meta":[],"acf":[],"_links":{"self":[{"href":"https:\/\/yorkandchapel.com\/tr\/wp-json\/wp\/v2\/pages\/3170"}],"collection":[{"href":"https:\/\/yorkandchapel.com\/tr\/wp-json\/wp\/v2\/pages"}],"about":[{"href":"https:\/\/yorkandchapel.com\/tr\/wp-json\/wp\/v2\/types\/page"}],"author":[{"embeddable":true,"href":"https:\/\/yorkandchapel.com\/tr\/wp-json\/wp\/v2\/users\/33"}],"replies":[{"embeddable":true,"href":"https:\/\/yorkandchapel.com\/tr\/wp-json\/wp\/v2\/comments?post=3170"}],"version-history":[{"count":6,"href":"https:\/\/yorkandchapel.com\/tr\/wp-json\/wp\/v2\/pages\/3170\/revisions"}],"predecessor-version":[{"id":3373,"href":"https:\/\/yorkandchapel.com\/tr\/wp-json\/wp\/v2\/pages\/3170\/revisions\/3373"}],"wp:featuredmedia":[{"embeddable":true,"href":"https:\/\/yorkandchapel.com\/tr\/wp-json\/wp\/v2\/media\/3282"}],"wp:attachment":[{"href":"https:\/\/yorkandchapel.com\/tr\/wp-json\/wp\/v2\/media?parent=3170"}],"curies":[{"name":"wp","href":"https:\/\/api.w.org\/{rel}","templated":true}]}}