{"id":3193,"date":"2024-12-16T18:47:03","date_gmt":"2024-12-16T15:47:03","guid":{"rendered":"https:\/\/yorkandchapel.com\/tr\/?page_id=3193"},"modified":"2024-12-20T18:00:22","modified_gmt":"2024-12-20T15:00:22","slug":"pazarlama","status":"publish","type":"page","link":"https:\/\/yorkandchapel.com\/tr\/pazarlama\/","title":{"rendered":"Pazarlama"},"content":{"rendered":"<p>York and Chapel olarak, markan\u0131z\u0131n ihtiya\u00e7 duydu\u011fu yenilik\u00e7i pazarlama \u00e7\u00f6z\u00fcmlerini sunuyoruz. <a href=\"https:\/\/yorkandchapel.com\/tr\/pazarlama\/kampanya\/\">Kampanya y\u00f6netiminden<\/a> etkileyici <a href=\"https:\/\/yorkandchapel.com\/tr\/pazarlama\/icerik\/\">i\u00e7erik \u00fcretimine<\/a>, <a href=\"https:\/\/yorkandchapel.com\/tr\/pazarlama\/deneyimler\/\">deneyimsel pazarlama<\/a> projelerinden <a href=\"https:\/\/yorkandchapel.com\/tr\/pazarlama\/sosyal-medya-ve-pr\/\">sosyal medya ve PR<\/a> \u00e7al\u0131\u015fmalar\u0131na kadar her alanda yan\u0131n\u0131zday\u0131z. Ayr\u0131ca <a href=\"https:\/\/yorkandchapel.com\/tr\/pazarlama\/perakende\/\">perakende \u00e7\u00f6z\u00fcmlerimizle<\/a> markan\u0131z\u0131 t\u00fcketicilerle daha etkili bir \u015fekilde bulu\u015fturuyoruz.<\/p>\n<p>Hedef kitlenize ula\u015fman\u0131z\u0131 sa\u011flayacak stratejik kampanyalar geli\u015ftiriyor, \u00f6zg\u00fcn i\u00e7eriklerle markan\u0131z\u0131n mesaj\u0131n\u0131 g\u00fc\u00e7lendiriyoruz. Etkile\u015fim odakl\u0131 deneyimsel pazarlama projelerimizle m\u00fc\u015fterilerinizle unutulmaz anlar yarat\u0131yor ve sosyal medya\/PR stratejilerimizle markan\u0131z\u0131n bilinirli\u011fini art\u0131r\u0131yoruz.<\/p>\n<p>York and Chapel ailesi olarak, markan\u0131z\u0131 pazarlama d\u00fcnyas\u0131nda bir ad\u0131m \u00f6ne ta\u015f\u0131mak ve kal\u0131c\u0131 bir etki yaratmak i\u00e7in buraday\u0131z. Ba\u015far\u0131 hikayenizi birlikte yazmak i\u00e7in sab\u0131rs\u0131zlan\u0131yoruz!<\/p>\n","protected":false},"excerpt":{"rendered":"<p>York and Chapel olarak, markan\u0131z\u0131n ihtiya\u00e7 duydu\u011fu yenilik\u00e7i pazarlama \u00e7\u00f6z\u00fcmlerini sunuyoruz. Kampanya y\u00f6netiminden etkileyici i\u00e7erik \u00fcretimine, deneyimsel pazarlama projelerinden sosyal medya ve PR \u00e7al\u0131\u015fmalar\u0131na kadar her alanda yan\u0131n\u0131zday\u0131z. Ayr\u0131ca perakende \u00e7\u00f6z\u00fcmlerimizle markan\u0131z\u0131 t\u00fcketicilerle daha etkili bir \u015fekilde bulu\u015fturuyoruz. Hedef kitlenize ula\u015fman\u0131z\u0131 sa\u011flayacak stratejik kampanyalar geli\u015ftiriyor, \u00f6zg\u00fcn i\u00e7eriklerle markan\u0131z\u0131n mesaj\u0131n\u0131 g\u00fc\u00e7lendiriyoruz. Etkile\u015fim odakl\u0131 deneyimsel pazarlama projelerimizle [&hellip;]<\/p>\n","protected":false},"author":40,"featured_media":3256,"parent":0,"menu_order":0,"comment_status":"closed","ping_status":"closed","template":"","meta":[],"acf":[],"_links":{"self":[{"href":"https:\/\/yorkandchapel.com\/tr\/wp-json\/wp\/v2\/pages\/3193"}],"collection":[{"href":"https:\/\/yorkandchapel.com\/tr\/wp-json\/wp\/v2\/pages"}],"about":[{"href":"https:\/\/yorkandchapel.com\/tr\/wp-json\/wp\/v2\/types\/page"}],"author":[{"embeddable":true,"href":"https:\/\/yorkandchapel.com\/tr\/wp-json\/wp\/v2\/users\/40"}],"replies":[{"embeddable":true,"href":"https:\/\/yorkandchapel.com\/tr\/wp-json\/wp\/v2\/comments?post=3193"}],"version-history":[{"count":5,"href":"https:\/\/yorkandchapel.com\/tr\/wp-json\/wp\/v2\/pages\/3193\/revisions"}],"predecessor-version":[{"id":3375,"href":"https:\/\/yorkandchapel.com\/tr\/wp-json\/wp\/v2\/pages\/3193\/revisions\/3375"}],"wp:featuredmedia":[{"embeddable":true,"href":"https:\/\/yorkandchapel.com\/tr\/wp-json\/wp\/v2\/media\/3256"}],"wp:attachment":[{"href":"https:\/\/yorkandchapel.com\/tr\/wp-json\/wp\/v2\/media?parent=3193"}],"curies":[{"name":"wp","href":"https:\/\/api.w.org\/{rel}","templated":true}]}}