{"id":3213,"date":"2024-12-16T19:12:24","date_gmt":"2024-12-16T16:12:24","guid":{"rendered":"https:\/\/yorkandchapel.com\/tr\/?page_id=3213"},"modified":"2024-12-20T18:09:36","modified_gmt":"2024-12-20T15:09:36","slug":"dijital","status":"publish","type":"page","link":"https:\/\/yorkandchapel.com\/tr\/dijital\/","title":{"rendered":"Dijital"},"content":{"rendered":"<p>York and Chapel olarak, dijital d\u00fcnyan\u0131n sundu\u011fu s\u0131n\u0131rs\u0131z olanaklar\u0131 markan\u0131zla bulu\u015fturuyoruz. <a href=\"https:\/\/yorkandchapel.com\/tr\/dijital\/websitesi-ve-mobil-uygulama\/\">Web sitesi ve uygulama<\/a> tasar\u0131m\u0131ndan <a href=\"https:\/\/yorkandchapel.com\/tr\/dijital\/internet\/\">Extranet\/Internet<\/a> \u00e7\u00f6z\u00fcmlerine, yenilik\u00e7i <a href=\"https:\/\/yorkandchapel.com\/tr\/dijital\/oyun\/\">oyun<\/a> projelerinden <a href=\"https:\/\/yorkandchapel.com\/tr\/dijital\/vr-ar\/\">VR\/AR<\/a> deneyimlerine ve <a href=\"https:\/\/yorkandchapel.com\/tr\/dijital\/yazilim\/\">yaz\u0131l\u0131m geli\u015ftirmeye<\/a> kadar geni\u015f bir hizmet yelpazesi sunuyoruz.<\/p>\n<p>Web ve mobil platformlarda etkileyici projeler geli\u015ftiriyor, Extranet\/Internet altyap\u0131lar\u0131 ile i\u015f s\u00fcre\u00e7lerinizi optimize ediyoruz. Oyun projelerimizle kullan\u0131c\u0131lar\u0131n\u0131z i\u00e7in s\u00fcr\u00fckleyici deneyimler yarat\u0131rken, VR\/AR teknolojileriyle markan\u0131z\u0131 gelece\u011fe ta\u015f\u0131yoruz. Ayr\u0131ca, yaz\u0131l\u0131m \u00e7\u00f6z\u00fcmlerimizle operasyonel verimlili\u011finizi art\u0131r\u0131yor, ihtiya\u00e7lar\u0131n\u0131za \u00f6zel teknolojik destek sa\u011fl\u0131yoruz.<\/p>\n<p>Dijital \u00e7\u00f6z\u00fcmlerimizle markan\u0131z\u0131 bir ad\u0131m \u00f6teye ta\u015f\u0131yor, rekabetin \u00f6tesine ge\u00e7menize yard\u0131mc\u0131 oluyoruz. York and Chapel ile dijital d\u00fcnyada fark yaratmaya haz\u0131r olun!<\/p>\n","protected":false},"excerpt":{"rendered":"<p>York and Chapel olarak, dijital d\u00fcnyan\u0131n sundu\u011fu s\u0131n\u0131rs\u0131z olanaklar\u0131 markan\u0131zla bulu\u015fturuyoruz. Web sitesi ve uygulama tasar\u0131m\u0131ndan Extranet\/Internet \u00e7\u00f6z\u00fcmlerine, yenilik\u00e7i oyun projelerinden VR\/AR deneyimlerine ve yaz\u0131l\u0131m geli\u015ftirmeye kadar geni\u015f bir hizmet yelpazesi sunuyoruz. Web ve mobil platformlarda etkileyici projeler geli\u015ftiriyor, Extranet\/Internet altyap\u0131lar\u0131 ile i\u015f s\u00fcre\u00e7lerinizi optimize ediyoruz. Oyun projelerimizle kullan\u0131c\u0131lar\u0131n\u0131z i\u00e7in s\u00fcr\u00fckleyici deneyimler yarat\u0131rken, VR\/AR teknolojileriyle [&hellip;]<\/p>\n","protected":false},"author":40,"featured_media":3270,"parent":0,"menu_order":0,"comment_status":"closed","ping_status":"closed","template":"","meta":[],"acf":[],"_links":{"self":[{"href":"https:\/\/yorkandchapel.com\/tr\/wp-json\/wp\/v2\/pages\/3213"}],"collection":[{"href":"https:\/\/yorkandchapel.com\/tr\/wp-json\/wp\/v2\/pages"}],"about":[{"href":"https:\/\/yorkandchapel.com\/tr\/wp-json\/wp\/v2\/types\/page"}],"author":[{"embeddable":true,"href":"https:\/\/yorkandchapel.com\/tr\/wp-json\/wp\/v2\/users\/40"}],"replies":[{"embeddable":true,"href":"https:\/\/yorkandchapel.com\/tr\/wp-json\/wp\/v2\/comments?post=3213"}],"version-history":[{"count":7,"href":"https:\/\/yorkandchapel.com\/tr\/wp-json\/wp\/v2\/pages\/3213\/revisions"}],"predecessor-version":[{"id":3379,"href":"https:\/\/yorkandchapel.com\/tr\/wp-json\/wp\/v2\/pages\/3213\/revisions\/3379"}],"wp:featuredmedia":[{"embeddable":true,"href":"https:\/\/yorkandchapel.com\/tr\/wp-json\/wp\/v2\/media\/3270"}],"wp:attachment":[{"href":"https:\/\/yorkandchapel.com\/tr\/wp-json\/wp\/v2\/media?parent=3213"}],"curies":[{"name":"wp","href":"https:\/\/api.w.org\/{rel}","templated":true}]}}