{"id":3228,"date":"2024-12-16T20:38:01","date_gmt":"2024-12-16T17:38:01","guid":{"rendered":"https:\/\/yorkandchapel.com\/tr\/?page_id=3228"},"modified":"2024-12-20T18:07:55","modified_gmt":"2024-12-20T15:07:55","slug":"tasarim","status":"publish","type":"page","link":"https:\/\/yorkandchapel.com\/tr\/tasarim\/","title":{"rendered":"Tasar\u0131m"},"content":{"rendered":"<p>York and Chapel Ailesi olarak, kreatif tasar\u0131m\u0131n g\u00fcc\u00fcn\u00fc i\u015finize ta\u015f\u0131yoruz. Grafik tasar\u0131m, <a href=\"https:\/\/yorkandchapel.com\/tr\/tasarim\/ux-ui\/\">UX ve UI<\/a> tasar\u0131m\u0131 ile markan\u0131z\u0131 ak\u0131llarda kal\u0131c\u0131 hale getiriyor, <a href=\"https:\/\/yorkandchapel.com\/tr\/tasarim\/fiziksel\/\">fiziksel<\/a> ve <a href=\"https:\/\/yorkandchapel.com\/tr\/tasarim\/sanal\/\">sanal alanlarda<\/a> etkileyici \u00e7\u00f6z\u00fcmler sunuyoruz. Sosyal medya g\u00f6nderilerinizden video i\u00e7eriklerinize kadar, markan\u0131z\u0131n her platformda dikkat \u00e7ekmesi i\u00e7in buraday\u0131z.<\/p>\n<p>Fiziksel tasar\u0131mlar\u0131m\u0131zla i\u015f yerinizi markan\u0131zla uyumlu hale getiriyor, sanal \u00e7\u00f6z\u00fcmlerimizle dijital d\u00fcnyada fark yaratman\u0131z\u0131 sa\u011fl\u0131yoruz. <a href=\"https:\/\/yorkandchapel.com\/tr\/tasarim\/deneyimsel\/\">Deneyimsel<\/a> tasar\u0131mlar\u0131m\u0131zla hedef kitlenizi markan\u0131zla derinlemesine ba\u011flarken, <a href=\"https:\/\/yorkandchapel.com\/tr\/tasarim\/teknolojik\/\">teknolojik<\/a> \u00e7\u00f6z\u00fcmlerimizle yenilik\u00e7i bir gelece\u011fin kap\u0131lar\u0131n\u0131 aral\u0131yoruz.<\/p>\n<p>Markan\u0131z\u0131 yans\u0131tan tasar\u0131mlarla kurumsal b\u00fct\u00fcnl\u00fc\u011f\u00fcn\u00fcz\u00fc g\u00fc\u00e7lendiriyor, kullan\u0131c\u0131 deneyimini kusursuzla\u015ft\u0131r\u0131yoruz. York and Chapel ailesi olarak, tasar\u0131m\u0131n b\u00fcy\u00fcl\u00fc d\u00fcnyas\u0131nda markan\u0131z\u0131 en iyi \u015fekilde temsil etmek i\u00e7in sab\u0131rs\u0131zlan\u0131yoruz!<\/p>\n","protected":false},"excerpt":{"rendered":"<p>York and Chapel Ailesi olarak, kreatif tasar\u0131m\u0131n g\u00fcc\u00fcn\u00fc i\u015finize ta\u015f\u0131yoruz. Grafik tasar\u0131m, UX ve UI tasar\u0131m\u0131 ile markan\u0131z\u0131 ak\u0131llarda kal\u0131c\u0131 hale getiriyor, fiziksel ve sanal alanlarda etkileyici \u00e7\u00f6z\u00fcmler sunuyoruz. Sosyal medya g\u00f6nderilerinizden video i\u00e7eriklerinize kadar, markan\u0131z\u0131n her platformda dikkat \u00e7ekmesi i\u00e7in buraday\u0131z. Fiziksel tasar\u0131mlar\u0131m\u0131zla i\u015f yerinizi markan\u0131zla uyumlu hale getiriyor, sanal \u00e7\u00f6z\u00fcmlerimizle dijital d\u00fcnyada fark [&hellip;]<\/p>\n","protected":false},"author":40,"featured_media":3288,"parent":0,"menu_order":0,"comment_status":"closed","ping_status":"closed","template":"","meta":[],"acf":[],"_links":{"self":[{"href":"https:\/\/yorkandchapel.com\/tr\/wp-json\/wp\/v2\/pages\/3228"}],"collection":[{"href":"https:\/\/yorkandchapel.com\/tr\/wp-json\/wp\/v2\/pages"}],"about":[{"href":"https:\/\/yorkandchapel.com\/tr\/wp-json\/wp\/v2\/types\/page"}],"author":[{"embeddable":true,"href":"https:\/\/yorkandchapel.com\/tr\/wp-json\/wp\/v2\/users\/40"}],"replies":[{"embeddable":true,"href":"https:\/\/yorkandchapel.com\/tr\/wp-json\/wp\/v2\/comments?post=3228"}],"version-history":[{"count":8,"href":"https:\/\/yorkandchapel.com\/tr\/wp-json\/wp\/v2\/pages\/3228\/revisions"}],"predecessor-version":[{"id":3377,"href":"https:\/\/yorkandchapel.com\/tr\/wp-json\/wp\/v2\/pages\/3228\/revisions\/3377"}],"wp:featuredmedia":[{"embeddable":true,"href":"https:\/\/yorkandchapel.com\/tr\/wp-json\/wp\/v2\/media\/3288"}],"wp:attachment":[{"href":"https:\/\/yorkandchapel.com\/tr\/wp-json\/wp\/v2\/media?parent=3228"}],"curies":[{"name":"wp","href":"https:\/\/api.w.org\/{rel}","templated":true}]}}