{"id":86,"date":"2020-01-28T17:19:44","date_gmt":"2020-01-28T17:19:44","guid":{"rendered":"http:\/\/yc2020dev.ycms2.com\/?page_id=86"},"modified":"2023-03-13T23:09:37","modified_gmt":"2023-03-13T20:09:37","slug":"kariyer","status":"publish","type":"page","link":"https:\/\/yorkandchapel.com\/tr\/kariyer\/","title":{"rendered":"Kariyer"},"content":{"rendered":"<h2 class=\"lead\">Her zaman yetenekli ve yarat\u0131c\u0131 insanlar\u0131n aray\u0131\u015f\u0131nday\u0131z. Bize \u00f6zge\u00e7mi\u015finizi ve ekibimize nas\u0131l de\u011fer katabilece\u011finize dair d\u00fc\u015f\u00fcncelerinizi g\u00f6nderin.<\/h2>\n","protected":false},"excerpt":{"rendered":"","protected":false},"author":6,"featured_media":2699,"parent":0,"menu_order":0,"comment_status":"closed","ping_status":"closed","template":"page-careers.php","meta":[],"acf":[],"_links":{"self":[{"href":"https:\/\/yorkandchapel.com\/tr\/wp-json\/wp\/v2\/pages\/86"}],"collection":[{"href":"https:\/\/yorkandchapel.com\/tr\/wp-json\/wp\/v2\/pages"}],"about":[{"href":"https:\/\/yorkandchapel.com\/tr\/wp-json\/wp\/v2\/types\/page"}],"author":[{"embeddable":true,"href":"https:\/\/yorkandchapel.com\/tr\/wp-json\/wp\/v2\/users\/6"}],"replies":[{"embeddable":true,"href":"https:\/\/yorkandchapel.com\/tr\/wp-json\/wp\/v2\/comments?post=86"}],"version-history":[{"count":17,"href":"https:\/\/yorkandchapel.com\/tr\/wp-json\/wp\/v2\/pages\/86\/revisions"}],"predecessor-version":[{"id":2549,"href":"https:\/\/yorkandchapel.com\/tr\/wp-json\/wp\/v2\/pages\/86\/revisions\/2549"}],"wp:featuredmedia":[{"embeddable":true,"href":"https:\/\/yorkandchapel.com\/tr\/wp-json\/wp\/v2\/media\/2699"}],"wp:attachment":[{"href":"https:\/\/yorkandchapel.com\/tr\/wp-json\/wp\/v2\/media?parent=86"}],"curies":[{"name":"wp","href":"https:\/\/api.w.org\/{rel}","templated":true}]}}