{"id":94,"date":"2020-01-29T17:19:14","date_gmt":"2020-01-29T17:19:14","guid":{"rendered":"http:\/\/yc2020dev.ycms2.com\/?page_id=94"},"modified":"2025-01-31T12:18:21","modified_gmt":"2025-01-31T09:18:21","slug":"hakkimizda","status":"publish","type":"page","link":"https:\/\/yorkandchapel.com\/tr\/hakkimizda\/","title":{"rendered":"Bir Reklam Ajans\u0131ndan <em>\u00c7ok Daha<\/em> Fazlas\u0131y\u0131z"},"content":{"rendered":"<h2 class=\"lead\"><span style=\"font-weight: 400\">20 y\u0131ll\u0131k dijital ajans tecr\u00fcbemiz ve teknolojideki temel g\u00fcc\u00fcm\u00fcz sayesinde tam donan\u0131ml\u0131 pazarlama ve markala\u015ft\u0131rma yolunda sizlerle birlikte yol al\u0131yoruz<\/span>.<\/h2>\n<p><span style=\"font-weight: 400\">Pazarlama \u00e7abalar\u0131m\u0131z, markala\u015fma deneyimlerimiz ve g\u00f6rsel olarak nefes kesici projelerimiz, Y&amp;C\u2019nin DNA\u2019s\u0131nda mevcut olan disiplin ve uzmanl\u0131k ile ger\u00e7ekle\u015ftirilmektedir.<\/span><\/p>\n<p><span style=\"font-weight: 400\">York and Chapel, her biri kendi alan\u0131nda profesyonel olan uzmanlar\u0131n bir araya gelerek olu\u015fturdu\u011fu, ABD\u2019nin en b\u00fcy\u00fck dijital ajanslar\u0131ndan biridir ve 3 u\u0308lke 7 ofiste ger\u00e7ekle\u015ftirdi\u011fi ba\u015far\u0131l\u0131 operasyonlar\u0131 Ocak 2022 itibariyle Tu\u0308rkiye\u2019ye ta\u015f\u0131yarak \u00e7al\u0131\u015fmalar\u0131nda yeni bir ivme kazanm\u0131\u015ft\u0131r.<\/span><\/p>\n<p>ABD, Kanada ve Tu\u0308rkiye ofislerimizde alan\u0131nda uzman tasar\u0131m, yaz\u0131l\u0131m ve proje y\u00f6netim ekibiyle Tu\u0308rkiye\u2019deki yerel markalar\u0131n ve global du\u0308nyadaki g\u00fc\u00e7l\u00fc firmalar\u0131n; marka, logo, kurumsal kimlik, grafik tasar\u0131m, etkinlik y\u00f6netimi, web sitesi, dijital d\u00f6nu\u0308\u015fu\u0308m ve yaz\u0131l\u0131m, online ma\u011faza, mobil uygulamalar ve oyun projeleri \u00f6zelinde tasar\u0131m ve yaz\u0131l\u0131m hizmetleri vermekteyiz. Ayr\u0131ca g\u00fcncel trend ve teknolojilere ba\u011fl\u0131 kalarak reklam ve medya alanlar\u0131nda m\u00fc\u015fteri ihtiya\u00e7lar\u0131na y\u00f6nelik stratejiler geli\u015ftirmek i\u00e7in \u00e7al\u0131\u015f\u0131r\u0131z.<\/p>\n<p><span style=\"font-weight: 400\">Projelerin UX ve UI odakl\u0131 olarak tasarlanmas\u0131 ve m\u00fc\u015fteri ihtiya\u00e7lar\u0131n\u0131 do\u011fru analiz ederek stratejilerin belirlenmesi konusunda uzman bir ekiple \u00e7al\u0131\u015facaks\u0131n\u0131z!<\/span><\/p>\n<p>&nbsp;<\/p>\n","protected":false},"excerpt":{"rendered":"<p>Pazarlama \u00e7abalar\u0131m\u0131z, markala\u015fma deneyimlerimiz ve g\u00f6rsel olarak nefes kesici projelerimiz, Y&amp;C\u2019nin DNA\u2019s\u0131nda mevcut olan disiplin ve uzmanl\u0131k ile ger\u00e7ekle\u015ftirilmektedir. York and Chapel, her biri kendi alan\u0131nda profesyonel olan uzmanlar\u0131n bir araya gelerek olu\u015fturdu\u011fu, ABD\u2019nin en b\u00fcy\u00fck dijital ajanslar\u0131ndan biridir ve 3 u\u0308lke 7 ofiste ger\u00e7ekle\u015ftirdi\u011fi ba\u015far\u0131l\u0131 operasyonlar\u0131 Ocak 2022 itibariyle Tu\u0308rkiye\u2019ye ta\u015f\u0131yarak \u00e7al\u0131\u015fmalar\u0131nda yeni bir [&hellip;]<\/p>\n","protected":false},"author":21,"featured_media":1291,"parent":0,"menu_order":0,"comment_status":"closed","ping_status":"closed","template":"page-about.php","meta":[],"acf":[],"_links":{"self":[{"href":"https:\/\/yorkandchapel.com\/tr\/wp-json\/wp\/v2\/pages\/94"}],"collection":[{"href":"https:\/\/yorkandchapel.com\/tr\/wp-json\/wp\/v2\/pages"}],"about":[{"href":"https:\/\/yorkandchapel.com\/tr\/wp-json\/wp\/v2\/types\/page"}],"author":[{"embeddable":true,"href":"https:\/\/yorkandchapel.com\/tr\/wp-json\/wp\/v2\/users\/21"}],"replies":[{"embeddable":true,"href":"https:\/\/yorkandchapel.com\/tr\/wp-json\/wp\/v2\/comments?post=94"}],"version-history":[{"count":57,"href":"https:\/\/yorkandchapel.com\/tr\/wp-json\/wp\/v2\/pages\/94\/revisions"}],"predecessor-version":[{"id":3429,"href":"https:\/\/yorkandchapel.com\/tr\/wp-json\/wp\/v2\/pages\/94\/revisions\/3429"}],"wp:featuredmedia":[{"embeddable":true,"href":"https:\/\/yorkandchapel.com\/tr\/wp-json\/wp\/v2\/media\/1291"}],"wp:attachment":[{"href":"https:\/\/yorkandchapel.com\/tr\/wp-json\/wp\/v2\/media?parent=94"}],"curies":[{"name":"wp","href":"https:\/\/api.w.org\/{rel}","templated":true}]}}