{"id":98,"date":"2020-01-29T18:45:10","date_gmt":"2020-01-29T18:45:10","guid":{"rendered":"http:\/\/yc2020dev.ycms2.com\/?page_id=98"},"modified":"2023-04-07T00:42:26","modified_gmt":"2023-04-06T21:42:26","slug":"homepage","status":"publish","type":"page","link":"https:\/\/yorkandchapel.com\/tr\/","title":{"rendered":"Anasayfa"},"content":{"rendered":"<h2 id='bir-reklam-ajans\u0131ndan-\u00e7ok-daha-fazlas\u0131y\u0131z'  id=\"boomdevs_1\" class=\"accent-punctuation\" >Bir Reklam Ajans\u0131ndan \u00c7ok Daha Fazlas\u0131y\u0131z<\/h2>\n<p><span style=\"font-weight: 400;\">20 y\u0131ll\u0131k dijital ajans tecr\u00fcbemiz ve teknolojideki temel g\u00fcc\u00fcm\u00fcz sayesinde tam donan\u0131ml\u0131 pazarlama ve markala\u015ft\u0131rma yolunda sizlerle birlikte yol al\u0131yoruz. Pazarlama \u00e7abalar\u0131m\u0131z, markala\u015fma deneyimlerimiz ve g\u00f6rsel olarak nefes kesici projelerimiz, Y&amp;C\u2019nin DNA\u2019s\u0131nda mevcut olan disiplin ve uzmanl\u0131k ile ger\u00e7ekle\u015ftirilmektedir.<\/span><\/p>\n<p>ABD, Kanada ve Tu\u0308rkiye ofislerimizde alan\u0131nda uzman tasar\u0131m, yaz\u0131l\u0131m ve proje y\u00f6netim ekibiyle Tu\u0308rkiye\u2019deki yerel markalar\u0131n ve global du\u0308nyadaki g\u00fc\u00e7l\u00fc firmalar\u0131n; marka, logo, kurumsal kimlik, grafik tasar\u0131m, etkinlik y\u00f6netimi, web sitesi, dijital d\u00f6nu\u0308\u015fu\u0308m ve yaz\u0131l\u0131m, online ma\u011faza, mobil uygulamalar ve oyun projeleri \u00f6zelinde tasar\u0131m ve yaz\u0131l\u0131m hizmetleri vermekteyiz. Ayr\u0131ca g\u00fcncel trend ve teknolojilere ba\u011fl\u0131 kalarak reklam ve medya alanlar\u0131nda m\u00fc\u015fteri ihtiya\u00e7lar\u0131na y\u00f6nelik stratejiler geli\u015ftirmek i\u00e7in \u00e7al\u0131\u015f\u0131r\u0131z.<\/p>\n<p><a class=\"btn btn-primary\" href=\"\/tr\/hakkimizda\">Hakk\u0131m\u0131zda daha fazla bilgi edinin.<\/a><\/p>\n","protected":false},"excerpt":{"rendered":"<p>Bir Reklam Ajans\u0131ndan \u00c7ok Daha Fazlas\u0131y\u0131z 20 y\u0131ll\u0131k dijital ajans tecr\u00fcbemiz ve teknolojideki temel g\u00fcc\u00fcm\u00fcz sayesinde tam donan\u0131ml\u0131 pazarlama ve markala\u015ft\u0131rma yolunda sizlerle birlikte yol al\u0131yoruz. Pazarlama \u00e7abalar\u0131m\u0131z, markala\u015fma deneyimlerimiz ve g\u00f6rsel olarak nefes kesici projelerimiz, Y&amp;C\u2019nin DNA\u2019s\u0131nda mevcut olan disiplin ve uzmanl\u0131k ile ger\u00e7ekle\u015ftirilmektedir. ABD, Kanada ve Tu\u0308rkiye ofislerimizde alan\u0131nda uzman tasar\u0131m, yaz\u0131l\u0131m ve [&hellip;]<\/p>\n","protected":false},"author":21,"featured_media":2672,"parent":0,"menu_order":0,"comment_status":"closed","ping_status":"closed","template":"","meta":[],"acf":[],"_links":{"self":[{"href":"https:\/\/yorkandchapel.com\/tr\/wp-json\/wp\/v2\/pages\/98"}],"collection":[{"href":"https:\/\/yorkandchapel.com\/tr\/wp-json\/wp\/v2\/pages"}],"about":[{"href":"https:\/\/yorkandchapel.com\/tr\/wp-json\/wp\/v2\/types\/page"}],"author":[{"embeddable":true,"href":"https:\/\/yorkandchapel.com\/tr\/wp-json\/wp\/v2\/users\/21"}],"replies":[{"embeddable":true,"href":"https:\/\/yorkandchapel.com\/tr\/wp-json\/wp\/v2\/comments?post=98"}],"version-history":[{"count":28,"href":"https:\/\/yorkandchapel.com\/tr\/wp-json\/wp\/v2\/pages\/98\/revisions"}],"predecessor-version":[{"id":2769,"href":"https:\/\/yorkandchapel.com\/tr\/wp-json\/wp\/v2\/pages\/98\/revisions\/2769"}],"wp:featuredmedia":[{"embeddable":true,"href":"https:\/\/yorkandchapel.com\/tr\/wp-json\/wp\/v2\/media\/2672"}],"wp:attachment":[{"href":"https:\/\/yorkandchapel.com\/tr\/wp-json\/wp\/v2\/media?parent=98"}],"curies":[{"name":"wp","href":"https:\/\/api.w.org\/{rel}","templated":true}]}}